{"id":418,"date":"2013-03-15T00:09:25","date_gmt":"2013-03-14T23:09:25","guid":{"rendered":"http:\/\/gadeland.dk\/?page_id=418"},"modified":"2021-10-06T20:16:21","modified_gmt":"2021-10-06T19:16:21","slug":"opslagstavle","status":"publish","type":"page","link":"https:\/\/gadeland.dk\/?page_id=418","title":{"rendered":"Opslagstavle"},"content":{"rendered":"<p><em>Har du noget, du mangler? &#8211; eller\u00a0 noget, du gerne vil af med?<\/em><br \/>\n<em>Eller vil du f.eks. i kontakt med andre medlemmer, som kunne t\u00e6nke sig at v\u00e6re med til at leje en flismaskine osv. osv.<\/em><br \/>\n<em>Hvis du \u00f8nsker at s\u00e6tte noget op p\u00e5 opslagstavlen, er du velkommen til at sende teksten til bestyrelsen ved at bruge kontaktformularen, som du finder under punktet &#8220;Bestyrelse&#8221;<br \/>\n<\/em>&#x1f33b;&#x1f31e;<\/p>\n<blockquote>\n<div class=\"oneComWebmail-html oneComWebmail-mail\">\n<div class=\"oneComWebmail-body\">\n<div>\n<div><\/div>\n<\/div>\n<\/div>\n<\/div>\n<\/blockquote>\n","protected":false},"excerpt":{"rendered":"<p>Har du noget, du mangler? &#8211; eller\u00a0 noget, du gerne vil af med? Eller vil du f.eks. i kontakt med andre medlemmer, som kunne t\u00e6nke sig at v\u00e6re med til at leje en flismaskine osv. osv. Hvis du \u00f8nsker at &hellip; <a href=\"https:\/\/gadeland.dk\/?page_id=418\">L\u00e6s resten <span class=\"meta-nav\">&rarr;<\/span><\/a><\/p>\n","protected":false},"author":1,"featured_media":0,"parent":0,"menu_order":0,"comment_status":"closed","ping_status":"closed","template":"sidebar-page.php","meta":{"footnotes":""},"class_list":["post-418","page","type-page","status-publish","hentry"],"_links":{"self":[{"href":"https:\/\/gadeland.dk\/index.php?rest_route=\/wp\/v2\/pages\/418","targetHints":{"allow":["GET"]}}],"collection":[{"href":"https:\/\/gadeland.dk\/index.php?rest_route=\/wp\/v2\/pages"}],"about":[{"href":"https:\/\/gadeland.dk\/index.php?rest_route=\/wp\/v2\/types\/page"}],"author":[{"embeddable":true,"href":"https:\/\/gadeland.dk\/index.php?rest_route=\/wp\/v2\/users\/1"}],"replies":[{"embeddable":true,"href":"https:\/\/gadeland.dk\/index.php?rest_route=%2Fwp%2Fv2%2Fcomments&post=418"}],"version-history":[{"count":19,"href":"https:\/\/gadeland.dk\/index.php?rest_route=\/wp\/v2\/pages\/418\/revisions"}],"predecessor-version":[{"id":1455,"href":"https:\/\/gadeland.dk\/index.php?rest_route=\/wp\/v2\/pages\/418\/revisions\/1455"}],"wp:attachment":[{"href":"https:\/\/gadeland.dk\/index.php?rest_route=%2Fwp%2Fv2%2Fmedia&parent=418"}],"curies":[{"name":"wp","href":"https:\/\/api.w.org\/{rel}","templated":true}]}}