{"id":263,"date":"2012-11-15T09:57:02","date_gmt":"2012-11-15T08:57:02","guid":{"rendered":"http:\/\/gadeland.dk\/?page_id=263"},"modified":"2025-06-15T17:07:19","modified_gmt":"2025-06-15T16:07:19","slug":"bestyrelse-2","status":"publish","type":"page","link":"https:\/\/gadeland.dk\/?page_id=263","title":{"rendered":"Bestyrelsen"},"content":{"rendered":"<p>Mads Christoffersen (Formand)<br \/>\nFrederik Korsh\u00f8j<br \/>\nMads Jessen (Kasserer)<br \/>\nPeter Skautrup (Sekret\u00e6r\/webmaster)<br \/>\nErik Schl\u00fcnssen<br \/>\nHanna Maria Fugl\u00f8 (suppleant)<\/p>\n<p>Du kan kontakte bestyrelsen p\u00e5 f\u00f8lgende mail: bestyrelsen@gadeland.dk<\/p>\n","protected":false},"excerpt":{"rendered":"<p>Mads Christoffersen (Formand) Frederik Korsh\u00f8j Mads Jessen (Kasserer) Peter Skautrup (Sekret\u00e6r\/webmaster) Erik Schl\u00fcnssen Hanna Maria Fugl\u00f8 (suppleant) Du kan kontakte bestyrelsen p\u00e5 f\u00f8lgende mail: bestyrelsen@gadeland.dk<\/p>\n","protected":false},"author":1,"featured_media":0,"parent":0,"menu_order":70,"comment_status":"closed","ping_status":"open","template":"sidebar-page.php","meta":{"footnotes":""},"class_list":["post-263","page","type-page","status-publish","hentry"],"_links":{"self":[{"href":"https:\/\/gadeland.dk\/index.php?rest_route=\/wp\/v2\/pages\/263","targetHints":{"allow":["GET"]}}],"collection":[{"href":"https:\/\/gadeland.dk\/index.php?rest_route=\/wp\/v2\/pages"}],"about":[{"href":"https:\/\/gadeland.dk\/index.php?rest_route=\/wp\/v2\/types\/page"}],"author":[{"embeddable":true,"href":"https:\/\/gadeland.dk\/index.php?rest_route=\/wp\/v2\/users\/1"}],"replies":[{"embeddable":true,"href":"https:\/\/gadeland.dk\/index.php?rest_route=%2Fwp%2Fv2%2Fcomments&post=263"}],"version-history":[{"count":30,"href":"https:\/\/gadeland.dk\/index.php?rest_route=\/wp\/v2\/pages\/263\/revisions"}],"predecessor-version":[{"id":1611,"href":"https:\/\/gadeland.dk\/index.php?rest_route=\/wp\/v2\/pages\/263\/revisions\/1611"}],"wp:attachment":[{"href":"https:\/\/gadeland.dk\/index.php?rest_route=%2Fwp%2Fv2%2Fmedia&parent=263"}],"curies":[{"name":"wp","href":"https:\/\/api.w.org\/{rel}","templated":true}]}}