{"id":261,"date":"2012-11-15T09:56:28","date_gmt":"2012-11-15T08:56:28","guid":{"rendered":"http:\/\/gadeland.dk\/?page_id=261"},"modified":"2023-05-25T22:01:44","modified_gmt":"2023-05-25T21:01:44","slug":"trappelaug-2","status":"publish","type":"page","link":"https:\/\/gadeland.dk\/?page_id=261","title":{"rendered":"Trappelaug"},"content":{"rendered":"<p>Trappelauget Holl\u00f8selunds opgave er at eje og vedligeholde udsigtsarealet og trappen ned til vandet fra Kystvejen for enden af Campingvej.<br \/>\nTrappelauget har f\u00f8lgende grundejerforeninger som medlemmer: Gadeland, Holl\u00f8selund, Lundeh\u00f8j samt Vingolf.<\/p>\n<h2>K\u00f8b af n\u00f8gle<\/h2>\n<p>Beboerne har mulighed for at k\u00f8be n\u00f8gle til l\u00e5gen, og det g\u00f8res ved henvendelse til laugets sekret\u00e6r,\u00a0Feline Munck, Kaprifolievej 8, <span style=\"color: #000000;\">feline@felinemunck.dk<\/span>. Telefon: 40 16 14 51.<\/p>\n<p>Lidt om <a title=\"lidt fra trappelaugets historie\" href=\"http:\/\/gadeland.dk\/wp-content\/uploads\/2013\/04\/GGa_TrapLaug_Historien.pdf\" target=\"_blank\" rel=\"noopener\">historien<\/a>, skrevet af trappelaugets tidligere formand.<br \/>\n<a title=\"trappelauget Holl\u00f8selunds vedt\u00e6gter\" href=\"http:\/\/gadeland.dk\/wp-content\/uploads\/2013\/04\/GGa_TrapLaug_Vedtgt.pdf\">Vedt\u00e6gter<\/a> og <a title=\"Overenskomst for trappelauget Holl\u00f8selund\" href=\"http:\/\/gadeland.dk\/wp-content\/uploads\/2013\/04\/GGa_TrapLaug_Overenskomst_1973.pdf\" target=\"_blank\" rel=\"noopener\">overenskomst<\/a> mellem de fire grundejerforeninger.<\/p>\n","protected":false},"excerpt":{"rendered":"<p>Trappelauget Holl\u00f8selunds opgave er at eje og vedligeholde udsigtsarealet og trappen ned til vandet fra Kystvejen for enden af Campingvej. Trappelauget har f\u00f8lgende grundejerforeninger som medlemmer: Gadeland, Holl\u00f8selund, Lundeh\u00f8j samt Vingolf. K\u00f8b af n\u00f8gle Beboerne har mulighed for at k\u00f8be &hellip; <a href=\"https:\/\/gadeland.dk\/?page_id=261\">L\u00e6s resten <span class=\"meta-nav\">&rarr;<\/span><\/a><\/p>\n","protected":false},"author":1,"featured_media":0,"parent":0,"menu_order":60,"comment_status":"closed","ping_status":"open","template":"sidebar-page.php","meta":{"footnotes":""},"class_list":["post-261","page","type-page","status-publish","hentry"],"_links":{"self":[{"href":"https:\/\/gadeland.dk\/index.php?rest_route=\/wp\/v2\/pages\/261","targetHints":{"allow":["GET"]}}],"collection":[{"href":"https:\/\/gadeland.dk\/index.php?rest_route=\/wp\/v2\/pages"}],"about":[{"href":"https:\/\/gadeland.dk\/index.php?rest_route=\/wp\/v2\/types\/page"}],"author":[{"embeddable":true,"href":"https:\/\/gadeland.dk\/index.php?rest_route=\/wp\/v2\/users\/1"}],"replies":[{"embeddable":true,"href":"https:\/\/gadeland.dk\/index.php?rest_route=%2Fwp%2Fv2%2Fcomments&post=261"}],"version-history":[{"count":36,"href":"https:\/\/gadeland.dk\/index.php?rest_route=\/wp\/v2\/pages\/261\/revisions"}],"predecessor-version":[{"id":1530,"href":"https:\/\/gadeland.dk\/index.php?rest_route=\/wp\/v2\/pages\/261\/revisions\/1530"}],"wp:attachment":[{"href":"https:\/\/gadeland.dk\/index.php?rest_route=%2Fwp%2Fv2%2Fmedia&parent=261"}],"curies":[{"name":"wp","href":"https:\/\/api.w.org\/{rel}","templated":true}]}}