{"id":251,"date":"2012-11-15T09:53:28","date_gmt":"2012-11-15T08:53:28","guid":{"rendered":"http:\/\/gadeland.dk\/?page_id=251"},"modified":"2024-05-22T18:41:35","modified_gmt":"2024-05-22T17:41:35","slug":"forside-2","status":"publish","type":"page","link":"https:\/\/gadeland.dk\/","title":{"rendered":"Om foreningen"},"content":{"rendered":"<aside id=\"text-2\">Velkommen til Gadeland grundejerforening i Holl\u00f8selund, der ligger mellem Tisvildeleje og Vejby.<br \/>\nAlle\u00a0ejere af ejendomme p\u00e5 <span class=\"oneComWebmail-Apple-converted-space\">\u00a0<\/span><a title=\"Krejsagervej\" href=\"http:\/\/maps.google.dk\/maps?q=Krejsagervej+3210,+Vejby&amp;hl=da&amp;sll=56.070888,12.113494&amp;sspn=0.005929,0.021136&amp;oq=Krejsagervej+3210+vejby&amp;gl=dk&amp;hnear=Krejsagervej,+3210+Vejby&amp;t=m&amp;z=15\" target=\"_blank\" rel=\"noopener\">Krejsagervej<\/a>,<span class=\"oneComWebmail-Apple-converted-space\">\u00a0<\/span><a href=\"https:\/\/www.google.dk\/maps\/place\/Pr%C3%A6steengen,+3210+Vejby\/@56.0708906,12.1113057,17z\/data=!3m1!4b1!4m2!3m1!1s0x46521145845cfd67:0xd2282d21aa223b7a?hl=da\" target=\"_blank\" rel=\"noopener\">Pr\u00e6steengen<\/a> og <a title=\"Bragesvej\" href=\"http:\/\/maps.google.dk\/maps?q=Bragesvej+3210,+Vejby&amp;hl=da&amp;sll=56.070407,12.110817&amp;sspn=0.005929,0.021136&amp;oq=brages+3210,+Vejby&amp;gl=dk&amp;hnear=Bragesvej,+3210+Vejby&amp;t=m&amp;z=15\" target=\"_blank\" rel=\"noopener\">Bragesvej<\/a><span class=\"oneComWebmail-Apple-converted-space\"> er medlemmer af Grundejerforeningen, samt ejerne af <\/span><a title=\"Lundesvinget\" href=\"http:\/\/maps.google.dk\/maps?q=lundesvinget+3210,+Vejby&amp;hl=da&amp;ll=56.072586,12.116289&amp;spn=0.011857,0.042272&amp;sll=56.071396,12.111839&amp;sspn=0.011857,0.042272&amp;gl=dk&amp;hnear=Lundesvinget,+3210+Vejby&amp;t=m&amp;z=15\" target=\"_blank\" rel=\"noopener\">Lundesvinget<\/a><span class=\"oneComWebmail-Apple-converted-space\"> 32 <\/span>og<span class=\"oneComWebmail-Apple-converted-space\">\u00a0<\/span><a title=\"Mimersvej\" href=\"http:\/\/maps.google.dk\/maps?q=mimersvej+3210,+Vejby&amp;hl=da&amp;ll=56.073113,12.112598&amp;spn=0.011857,0.042272&amp;sll=56.072586,12.116289&amp;sspn=0.011857,0.042272&amp;gl=dk&amp;hnear=Mimersvej,+3210+Vejby&amp;t=m&amp;z=15\" target=\"_blank\" rel=\"noopener\">Mimersvej<\/a>\u00a013.<\/aside>\n<aside>\u00a0<\/aside>\n<p id=\"text-2\"><strong>Godt naboskab<br \/>\n<\/strong>Her kan du l\u00e6se vore <span style=\"text-decoration: underline;\"><a title=\"ordensregler\" href=\"http:\/\/gadeland.dk\/wp-content\/uploads\/2016\/06\/ORDENSREGLEMENT-rev-2016.pdf\" target=\"_blank\" rel=\"noopener\">ordensregler<\/a><\/span>, der er med til at sikre, at alle kan nyde opholdet heroppe i dejlige omgivelser. Vi er f\u00e6lles om vedligeholdelsen af vore veje. Vi er ogs\u00e5 en del af Trappelauget, som tager sig af den f\u00e6lles adgang til kysten ved Campingvej. Grundejerforeningen blev etableret i forbindelse med en st\u00f8rre udstykning af sommerhusgrunde i 1966, og du kan l\u00e6se vore <span style=\"text-decoration: underline;\"><a title=\"vedt\u00e6gter\" href=\"http:\/\/gadeland.dk\/wp-content\/uploads\/2013\/03\/Vedtaegter.pdf\" target=\"_blank\" rel=\"noopener\">vedt\u00e6gter<\/a><\/span> her.<\/p>\n<p><strong>Trafik-sikkerhed<br \/>\n<\/strong>Af hensyn til trafik-sikkerheden er der tinglyst oversigts-servitut p\u00e5 alle hj\u00f8rnegrunde. Servitutten handler ogs\u00e5 om hegn, parkering, veje osv.\u00a0<strong><a style=\"font-weight: 300;\" href=\"http:\/\/gadeland.dk\/wp-content\/uploads\/2019\/05\/16_AC_608_indskannetakt_compressed.pdf\" target=\"_blank\" rel=\"noopener\"> L\u00e6s hele den originale deklaration her<\/a>.\u00a0<\/strong><span style=\"color: #333333; font-weight: 300;\"><br \/>\n<\/span><\/p>\n<aside><\/aside>\n<aside><\/aside>\n<p><strong>Generalforsamling<\/strong><br \/>\nDen \u00e5rlige Generalforsamling afholdes i maj\/juni, hvor \u00e5rets kontingent og budget vedtages. Kontingentet for kalender\u00e5ret 2024 er 640 kr.<\/p>\n<p><strong>Kontingent<\/strong><br \/>\nDen \u00e5rlige kontingentbetalingen forfalder (hvis ikke andet er aftalt) den 1.august eller den f\u00f8rste bankdag i august.<\/p>\n<ul>\n<li>Er der ikke en betalingsaftale via Betalingsservice, s\u00f8rger Nets for at sende et indbetalingskort til den opgivne adresse og du kan tilmelde dig betalingsaftalen.<\/li>\n<li>F\u00f8rste gang du modtager en opkr\u00e6vning fra Grundejerforeningen Gadeland vil altid v\u00e6re med indbetalingskort.<\/li>\n<li>Hvis du har indg\u00e5et en aftale om betaling via Betalingsservice, opkr\u00e6ves bel\u00f8bet automatisk og nemt via Betalingsservice.<\/li>\n<li>Dem, der bor i udlandet, kan godt tilmelde sig Betalingsservice, blot de har en dansk bankkonto.<\/li>\n<li>Kontingents st\u00f8rrelsen aftales p\u00e5 den \u00e5rlige generalforsamling og g\u00e6lder for det p\u00e5g\u00e6ldende kalender\u00e5r.<\/li>\n<li>Hvis du ikke \u00f8nsker at anvende Betalingsservice, er du velkommen til at indbetale kontingentet p\u00e5 vores konto i Arbejdernes Landsbank, 5332 0255329, med tydelig angivelse af den adresse, som betalingen omhandler.<\/li>\n<\/ul>\n<p>Ved betaling efter fristens udl\u00f8b kan der till\u00e6gges et rykkergebyr. For hver rykker er gebyret p\u00e5 100 kr.<\/p>\n<p><strong>Historie<br \/>\n<\/strong>Grundejerforeningen Gadeland blev skabt i forbindelse med en udstykning i 1960&#8217;erne af jord tilh\u00f8rende den lille g\u00e5rd, som i dag har adressen Holl\u00f8selundvej 23-25.<br \/>\nSe en skanning af den <a href=\"http:\/\/gadeland.dk\/wp-content\/uploads\/2022\/04\/Gadeland_udstykning_1966-comp.pdf\" target=\"_blank\" rel=\"noopener\">originale brochure fra udstykningen<\/a> med placering af alle grunde og deres priser i 1966. (Venligst udl\u00e5nt af Gunnar Svendsen, som fik brochuren i forbindelse med k\u00f8bet af Krejsagervej 17)<\/p>\n<p>Se en kopi af <a href=\"http:\/\/gadeland.dk\/wp-content\/uploads\/2023\/04\/Gadeland_matrikelkort.pdf\" target=\"_blank\" rel=\"noopener\">matrikelkortet fra 1966<\/a> med alle grundene. (Venligst udl\u00e5nt af Leo Kamstrup-Olesen, Pr\u00e6steengen 3)<\/p>\n<p>&#8212;<br \/>\nHer kan du l\u00e6se om vores <a href=\"http:\/\/gadeland.dk\/wp-content\/uploads\/2018\/05\/Gadeland-behandling-af-personoplysninger-21-05-2018.pdf\" target=\"_blank\" rel=\"noopener\">behandling af personlige oplysninger<\/a>.<\/p>\n","protected":false},"excerpt":{"rendered":"<p>Velkommen til Gadeland grundejerforening i Holl\u00f8selund, der ligger mellem Tisvildeleje og Vejby. Alle\u00a0ejere af ejendomme p\u00e5 \u00a0Krejsagervej,\u00a0Pr\u00e6steengen og Bragesvej er medlemmer af Grundejerforeningen, samt ejerne af Lundesvinget 32 og\u00a0Mimersvej\u00a013. \u00a0 Godt naboskab Her kan du l\u00e6se vore ordensregler, der er &hellip; <a href=\"https:\/\/gadeland.dk\/\">L\u00e6s resten <span class=\"meta-nav\">&rarr;<\/span><\/a><\/p>\n","protected":false},"author":1,"featured_media":0,"parent":0,"menu_order":5,"comment_status":"closed","ping_status":"closed","template":"sidebar-page.php","meta":{"footnotes":""},"class_list":["post-251","page","type-page","status-publish","hentry"],"_links":{"self":[{"href":"https:\/\/gadeland.dk\/index.php?rest_route=\/wp\/v2\/pages\/251","targetHints":{"allow":["GET"]}}],"collection":[{"href":"https:\/\/gadeland.dk\/index.php?rest_route=\/wp\/v2\/pages"}],"about":[{"href":"https:\/\/gadeland.dk\/index.php?rest_route=\/wp\/v2\/types\/page"}],"author":[{"embeddable":true,"href":"https:\/\/gadeland.dk\/index.php?rest_route=\/wp\/v2\/users\/1"}],"replies":[{"embeddable":true,"href":"https:\/\/gadeland.dk\/index.php?rest_route=%2Fwp%2Fv2%2Fcomments&post=251"}],"version-history":[{"count":102,"href":"https:\/\/gadeland.dk\/index.php?rest_route=\/wp\/v2\/pages\/251\/revisions"}],"predecessor-version":[{"id":1572,"href":"https:\/\/gadeland.dk\/index.php?rest_route=\/wp\/v2\/pages\/251\/revisions\/1572"}],"wp:attachment":[{"href":"https:\/\/gadeland.dk\/index.php?rest_route=%2Fwp%2Fv2%2Fmedia&parent=251"}],"curies":[{"name":"wp","href":"https:\/\/api.w.org\/{rel}","templated":true}]}}